{"id":101,"date":"2022-09-16T20:55:41","date_gmt":"2022-09-16T18:55:41","guid":{"rendered":"http:\/\/jsens.fi\/?page_id=101"},"modified":"2023-01-19T19:53:09","modified_gmt":"2023-01-19T17:53:09","slug":"yhteistyokerhot","status":"publish","type":"page","link":"https:\/\/jsens.fi\/?page_id=101","title":{"rendered":"Yhteisty\u00f6kerhot"},"content":{"rendered":"\n<p>Yhteisty\u00f6kumppanit, joilla on esimerkiksi erilaiset maksut sarjaenduroissa kuin t\u00e4ysin ulkopuolisilla. Heid\u00e4n kanssaan on sovittu yhteisty\u00f6st\u00e4 kunkin tahon resurssien ja halukkuuksien mukaisesti.<\/p>\n\n\n\n<p><a href=\"http:\/\/www-k-smk.fi\/\">Keski-Suomen Moottorikerho<\/a><\/p>\n\n\n\n<div class=\"wp-block-group\"><div class=\"wp-block-group__inner-container is-layout-flow wp-block-group-is-layout-flow\">\n<ul class=\"wp-block-list\"><li>K-SMK:n j\u00e4senill\u00e4 on vapaa p\u00e4\u00e4sy H\u00e4rk\u00f6vuoren ajopaikalle.<\/li><li>K-SMK:n sarjaenduroihin JSENS:n j\u00e4senet voivat osallistua 5 \u20ac:n maksulla.<\/li><\/ul>\n<\/div><\/div>\n\n\n\n<p><a href=\"http:\/\/www.keuruunmamot.net\/\">Keuruun Maastomotoristit<\/a><\/p>\n\n\n\n<ul class=\"wp-block-list\"><li>JSENS:n j\u00e4senet voivat osallistua sarjaenduroihin ja k\u00e4ytt\u00e4\u00e4 Ilvestien enduroreitti\u00e4 (reitti on juuri Keuruulle tultaessa, Jukoj\u00e4rven risteyksen tuntumassa. Osoitteen Ilvestie 75 kohdalta l\u00f6ytyy ura spoorin viereen. <\/li><li>Tarkemmat tiedot puheenjohtaja@jsens.fi). <\/li><li>Ilvestien reitti on k\u00e4yt\u00f6ss\u00e4 vain talviaikaan.<\/li><\/ul>\n\n\n\n<p><a href=\"http:\/\/korua.sporttisaitti.com\/moottorikerho\/\">Korpilahden Moottorikerho<\/a><\/p>\n\n\n\n<ul class=\"wp-block-list\"><li>Korpilahden Moottorikerhon avustuksella saatiin k\u00e4ytt\u00f6\u00f6n Muuramen ajopaikka, H\u00e4rk\u00f6vuori.<\/li><\/ul>\n\n\n\n<p><a href=\"http:\/\/www.jomk.fi\/\">Joutsan Moottorikerho<\/a>&nbsp;<\/p>\n\n\n\n<ul class=\"wp-block-list\"><li>Kausikortti Joutsan radoille JSENS:n j\u00e4senille maksaa 30\u20ac \/ p\u00e4iv\u00e4kortti 10\u20ac. Molemmilla maksuilla saa vapaasti k\u00e4ytt\u00e4\u00e4 enduro1, enduro2, Extreme Enduro, crossirata ja Junnucrossirataa. Kausikortin hankkija ilmoittaa netiss\u00e4 maksaessa viesti-kohtaan kuuluvansa JSENS:aan, Jos ostat Joutsan huttulasta kassalta,\u00a0esit\u00e4 todistus ett\u00e4 kuuluut JSENS:aan (esim saamasi s-posti).<\/li><li>JSENS:n j\u00e4senet voivat osallistua JOMK:n sarjaenduroihin 5\u20ac kerta. Joutsan\u00a0kerho kuuluu J\u00e4ms\u00e4n ja Keski-Suomen moottorikerhon j\u00e4rjest\u00e4m\u00e4\u00e4n sarjaan, T\u00e4h\u00e4n\u00a0sarjaan JSENS:n j\u00e4sen p\u00e4\u00e4see mukaan maksamalla 20\u20ac Joutsan kerholle.<\/li><\/ul>\n","protected":false},"excerpt":{"rendered":"<p>Yhteisty\u00f6kumppanit, joilla on esimerkiksi erilaiset maksut sarjaenduroissa kuin t\u00e4ysin ulkopuolisilla. Heid\u00e4n kanssaan on sovittu yhteisty\u00f6st\u00e4 [&hellip;]<\/p>\n","protected":false},"author":3,"featured_media":0,"parent":0,"menu_order":0,"comment_status":"closed","ping_status":"closed","template":"","meta":{"footnotes":""},"class_list":["post-101","page","type-page","status-publish","hentry"],"_links":{"self":[{"href":"https:\/\/jsens.fi\/index.php?rest_route=\/wp\/v2\/pages\/101","targetHints":{"allow":["GET"]}}],"collection":[{"href":"https:\/\/jsens.fi\/index.php?rest_route=\/wp\/v2\/pages"}],"about":[{"href":"https:\/\/jsens.fi\/index.php?rest_route=\/wp\/v2\/types\/page"}],"author":[{"embeddable":true,"href":"https:\/\/jsens.fi\/index.php?rest_route=\/wp\/v2\/users\/3"}],"replies":[{"embeddable":true,"href":"https:\/\/jsens.fi\/index.php?rest_route=%2Fwp%2Fv2%2Fcomments&post=101"}],"version-history":[{"count":2,"href":"https:\/\/jsens.fi\/index.php?rest_route=\/wp\/v2\/pages\/101\/revisions"}],"predecessor-version":[{"id":107,"href":"https:\/\/jsens.fi\/index.php?rest_route=\/wp\/v2\/pages\/101\/revisions\/107"}],"wp:attachment":[{"href":"https:\/\/jsens.fi\/index.php?rest_route=%2Fwp%2Fv2%2Fmedia&parent=101"}],"curies":[{"name":"wp","href":"https:\/\/api.w.org\/{rel}","templated":true}]}}