{"id":1156,"date":"2024-12-29T11:07:42","date_gmt":"2024-12-29T09:07:42","guid":{"rendered":"https:\/\/jsens.fi\/?page_id=1156"},"modified":"2026-02-14T17:31:57","modified_gmt":"2026-02-14T15:31:57","slug":"sml-vancar-sm-enduro-uurainen-2025-sm-ilmoitustaulu","status":"publish","type":"page","link":"https:\/\/jsens.fi\/?page_id=1156","title":{"rendered":"SML Vancar H\u00f6yti\u00e4 enduro 2026 Ilmoitustaulu"},"content":{"rendered":"\n<h2 class=\"wp-block-heading\">SML ENDUROA KOSKEVAT S\u00c4\u00c4NN\u00d6T:<\/h2>\n\n\n\n<ul class=\"wp-block-list\">\n<li><a href=\"https:\/\/moottoriliitto.fi\/wp-content\/uploads\/2025\/11\/Moottoriliiton-Urheilusaannosto-2026-versio-1.0-julkaisuversio.pdf\" data-type=\"link\" data-id=\"https:\/\/moottoriliitto.fi\/saannot\/\">SML Urheilus\u00e4\u00e4nn\u00f6st\u00f6 2026<\/a><\/li>\n\n\n\n<li><a href=\"https:\/\/moottoriliitto.fi\/wp-content\/uploads\/2026\/01\/041-Enduro-2026-versio-1.0-julkaisuversio.pdf\">SML Enduro lajis\u00e4\u00e4nt\u00f6 2026<\/a><\/li>\n\n\n\n<li><a href=\"https:\/\/moottoriliitto.fi\/wp-content\/uploads\/2026\/01\/042-Enduron-SM-kilpailut-2026-versio-1.0-julkaisuversio.pdf\">SML Enduro SM-kilpailut 2026<\/a><\/li>\n\n\n\n<li><a href=\"https:\/\/moottoriliitto.fi\/wp-content\/uploads\/2024\/11\/traficom_501924_05_03_44_2022.pdf\">Traficom poikkeuslupa<\/a><\/li>\n<\/ul>\n\n\n\n<h2 class=\"wp-block-heading\">T\u00c4RKE\u00c4T PUHELINNUMEROT<\/h2>\n\n\n\n<ul class=\"wp-block-list\">\n<li>Keskeytysnumero: 040 477 1787<\/li>\n\n\n\n<li>Kilpailun johtaja: 040 087 3176<\/li>\n\n\n\n<li>Kilpailun sihteeri: 044 065 3701<\/li>\n\n\n\n<li>H\u00e4t\u00e4numero: 112<\/li>\n<\/ul>\n\n\n\n<h3 class=\"wp-block-heading\"><strong>112 Suomi -sovellus<\/strong><\/h3>\n\n\n\n<ul class=\"wp-block-list\">\n<li><a href=\"https:\/\/apps.apple.com\/fi\/app\/112-suomi\/id998281396?l=fi\" target=\"_blank\" rel=\"noreferrer noopener\">Lataa sovellus iOS-puhelimelle<\/a><\/li>\n\n\n\n<li><a href=\"https:\/\/play.google.com\/store\/apps\/details?id=fi.digia.suomi112\" target=\"_blank\" rel=\"noreferrer noopener\">Lataa sovellus Android-puhelimelle<\/a><\/li>\n<\/ul>\n\n\n\n<h2 class=\"wp-block-heading\">AIKATAULU<\/h2>\n\n\n\n<p>Ilmoittautuminen ja katsastus alkaen klo 11:00. Kilpailu alkaa klo 13:30.<\/p>\n\n\n\n<p>Puheenjohtajan esityksest\u00e4, tuomariston hyv\u00e4ksym\u00e4n\u00e4 kilpailu on siirretty alkamaan klo 13:30 aiemman 13:00 sijaan. (8.2.2026)<\/p>\n\n\n\n<figure class=\"wp-block-image size-large\"><img loading=\"lazy\" decoding=\"async\" width=\"1024\" height=\"972\" src=\"https:\/\/jsens.fi\/wp-content\/uploads\/2026\/02\/Aikataulu_13022026-1024x972.png\" alt=\"\" class=\"wp-image-1555\" srcset=\"https:\/\/jsens.fi\/wp-content\/uploads\/2026\/02\/Aikataulu_13022026-1024x972.png 1024w, https:\/\/jsens.fi\/wp-content\/uploads\/2026\/02\/Aikataulu_13022026-300x285.png 300w, https:\/\/jsens.fi\/wp-content\/uploads\/2026\/02\/Aikataulu_13022026-768x729.png 768w, https:\/\/jsens.fi\/wp-content\/uploads\/2026\/02\/Aikataulu_13022026.png 1338w\" sizes=\"auto, (max-width: 1024px) 100vw, 1024px\" \/><\/figure>\n\n\n\n<h2 class=\"wp-block-heading\">PALKITTAVAT JA PALKINTOJEN JAKO<\/h2>\n\n\n\n<p>Kaikissa luokissa palkitaan 3 (kolme) parasta kuljettajaa. <\/p>\n\n\n\n<p>Naiset, C-luokat ja V60 palkintojen jako kilpailukeskuksessa ulkona, punaisen rakennuksen ja ruokateltan l\u00e4heisyydess\u00e4 n. klo 18:45.<\/p>\n\n\n\n<p><\/p>\n\n\n\n<p><\/p>\n\n\n\n<h2 class=\"wp-block-heading\">TULOKSET, L\u00c4HT\u00d6LISTA JA K\u00c4SIOHJELMA<\/h2>\n\n\n\n<ul class=\"wp-block-list\">\n<li>L\u00e4ht\u00f6lista: <a href=\"https:\/\/kalkku.fi\/kisa\/?26\/EN\/6\">https:\/\/kalkku.fi\/kisa\/?26\/EN\/6<\/a><\/li>\n\n\n\n<li>K\u00e4siohjelma: <a href=\"https:\/\/issuu.com\/tuireaho\/docs\/sml_vancar_h_yti_enduro_-k_siohjelma\">https:\/\/issuu.com\/tuireaho\/docs\/sml_vancar_h_yti_enduro_-k_siohjelma<\/a><\/li>\n\n\n\n<li>K\u00e4siohjelma PDF: <a href=\"https:\/\/jsens.fi\/wp-content\/uploads\/2026\/02\/JSENS_SM_0226_nb.pdf\">https:\/\/jsens.fi\/wp-content\/uploads\/2026\/02\/JSENS_SM_0226_nb.pdf<\/a><\/li>\n\n\n\n<li>Livetulokset: <a href=\"https:\/\/live.kalkku.fi\/\">https:\/\/live.kalkku.fi\/<\/a><\/li>\n\n\n\n<li>Tulokset p\u00e4ivittyv\u00e4t kalkkuun: <a href=\"https:\/\/kalkku.fi\/tulokset\/26\/en\/6\/\">https:\/\/kalkku.fi\/tulokset\/26\/en\/6\/<\/a><\/li>\n<\/ul>\n\n\n\n<h2 class=\"wp-block-heading\">TIEDOTUS<\/h2>\n\n\n\n<p>Kisassa on k\u00e4yt\u00f6ss\u00e4 <a href=\"https:\/\/www.sportity.com\/app\" data-type=\"link\" data-id=\"https:\/\/www.sportity.com\/app\">Sportity <\/a>-sovellus, josta l\u00f6ytyv\u00e4t kaikki kilpailun t\u00e4rke\u00e4t tiedot. Sovellus toimii t\u00e4m\u00e4n sivun ohella my\u00f6s ilmoitustauluna. <\/p>\n\n\n\n<p>Lataa sovellus sovelluskaupastasi ja kirjaudu sis\u00e4\u00e4n, saat ilmoitukset kanavalle lis\u00e4tyst\u00e4 tiedotteista ja lis\u00e4tiedoista kilpailuun liittyen. Kisan kaikki kilpailijalle oleellinen tieto l\u00f6ytyy Sportityst\u00e4. Ohessa ohjeet sovelluksen k\u00e4ytt\u00f6\u00f6nottoon.<\/p>\n\n\n\n<p>Jos olet jo Sportityn k\u00e4ytt\u00e4j\u00e4:<\/p>\n\n\n\n<ul class=\"wp-block-list\">\n<li>klikkaa ruudun vasemmassa yl\u00e4kulmassa olevaa valikkoa, joka avaa uuden ikkunan \u201dMy events\u201d.<\/li>\n\n\n\n<li>Klikkaa \u201d+ Add \u201d ja kirjoita salasana: HOYTIA26 kohtaan \u201dEvent Password\u201d.<\/li>\n\n\n\n<li>Klikkaa \u201dSign In\u201d<\/li>\n\n\n\n<li>Olet nyt kirjautunut Vancar H\u00f6yti\u00e4 enduro -kisan tiedotuskanavalle.<\/li>\n<\/ul>\n\n\n\n<p>Uusi Sportityn k\u00e4ytt\u00e4j\u00e4:<\/p>\n\n\n\n<ul class=\"wp-block-list\">\n<li>Jos et viel\u00e4 ole ottanut sovellusta k\u00e4ytt\u00f6\u00f6si, lataa se veloituksetta puhelimesi sovelluskaupasta.<\/li>\n\n\n\n<li>Kun olet ladannut Sportity-sovelluksen mobiililaitteellesi, avaa sovellus, muista sallia ilmoitukset ja kirjaudu kilpailutapahtuman s\u00e4hk\u00f6iselle ilmoitustaululle;<\/li>\n\n\n\n<li>Kirjoita kohtaan \u201dEvent Password\u201d HOYTIA26 ja klikkaa \u201dSign In\u201d.<\/li>\n\n\n\n<li>Olet nyt kirjautunut Vancar H\u00f6yti\u00e4 enduro -kisan tiedotuskanavalle.<\/li>\n<\/ul>\n\n\n\n<h2 class=\"wp-block-heading\">REITTIMERKIT<\/h2>\n\n\n\n<p>Virallinen reitti, jolta kilpailija ei saa poistua mist\u00e4\u00e4n syyst\u00e4, merkit\u00e4\u00e4n reittimerkein ja tarvittaessa merkint\u00e4nauhoin. Jos kilpailija ajautuu merkint\u00e4nauhan ulkopuolelle, tulee h\u00e4nen palata reitille samasta kohdasta kuin on poistunut.<\/p>\n\n\n\n<figure class=\"wp-block-image size-full\"><img loading=\"lazy\" decoding=\"async\" width=\"559\" height=\"962\" src=\"https:\/\/jsens.fi\/wp-content\/uploads\/2024\/12\/reittimerkit.jpg\" alt=\"\" class=\"wp-image-1167\" srcset=\"https:\/\/jsens.fi\/wp-content\/uploads\/2024\/12\/reittimerkit.jpg 559w, https:\/\/jsens.fi\/wp-content\/uploads\/2024\/12\/reittimerkit-174x300.jpg 174w\" sizes=\"auto, (max-width: 559px) 100vw, 559px\" \/><\/figure>\n\n\n\n<h2 class=\"wp-block-heading\">MEDIAN EDUSTAJILLE<\/h2>\n\n\n\n<p>Kilpailukaudella 2026 kaikilta SML kilpailuiden kilpailualueilla toimivilta median edustajilta vaaditaan erillinen, kilpailukohtainen akkreditointi.<\/p>\n\n\n\n<p>Ohessa medialle tarkoitettu <a href=\"https:\/\/jsens.fi\/wp-content\/uploads\/2024\/12\/Median-akkreditointilomake-2025-1-1.pdf\" data-type=\"link\" data-id=\"https:\/\/jsens.fi\/wp-content\/uploads\/2024\/12\/Median-akkreditointilomake-2025-1-1.pdf\">akkreditointilomake<\/a>, jonka voi t\u00e4ytt\u00e4\u00e4 ja palauttaa ennen kilpailua s\u00e4hk\u00f6postitse osoitteeseen&nbsp;<a href=\"mailto:kilpailusihteeri.jsens@gmail.com\">kilpailusihteeri.jsens@gmail.com<\/a> tai kilpailup\u00e4iv\u00e4n aamuna ennen kilpailun alkua kilpailutoimistoon.<\/p>\n\n\n\n<p><\/p>\n","protected":false},"excerpt":{"rendered":"<p>SML ENDUROA KOSKEVAT S\u00c4\u00c4NN\u00d6T: T\u00c4RKE\u00c4T PUHELINNUMEROT 112 Suomi -sovellus AIKATAULU Ilmoittautuminen ja katsastus alkaen klo [&hellip;]<\/p>\n","protected":false},"author":7,"featured_media":0,"parent":1116,"menu_order":0,"comment_status":"closed","ping_status":"closed","template":"template-full-width.php","meta":{"footnotes":""},"class_list":["post-1156","page","type-page","status-publish","hentry"],"_links":{"self":[{"href":"https:\/\/jsens.fi\/index.php?rest_route=\/wp\/v2\/pages\/1156","targetHints":{"allow":["GET"]}}],"collection":[{"href":"https:\/\/jsens.fi\/index.php?rest_route=\/wp\/v2\/pages"}],"about":[{"href":"https:\/\/jsens.fi\/index.php?rest_route=\/wp\/v2\/types\/page"}],"author":[{"embeddable":true,"href":"https:\/\/jsens.fi\/index.php?rest_route=\/wp\/v2\/users\/7"}],"replies":[{"embeddable":true,"href":"https:\/\/jsens.fi\/index.php?rest_route=%2Fwp%2Fv2%2Fcomments&post=1156"}],"version-history":[{"count":35,"href":"https:\/\/jsens.fi\/index.php?rest_route=\/wp\/v2\/pages\/1156\/revisions"}],"predecessor-version":[{"id":1567,"href":"https:\/\/jsens.fi\/index.php?rest_route=\/wp\/v2\/pages\/1156\/revisions\/1567"}],"up":[{"embeddable":true,"href":"https:\/\/jsens.fi\/index.php?rest_route=\/wp\/v2\/pages\/1116"}],"wp:attachment":[{"href":"https:\/\/jsens.fi\/index.php?rest_route=%2Fwp%2Fv2%2Fmedia&parent=1156"}],"curies":[{"name":"wp","href":"https:\/\/api.w.org\/{rel}","templated":true}]}}