{"id":17,"date":"2022-05-30T20:51:27","date_gmt":"2022-05-30T18:51:27","guid":{"rendered":"http:\/\/jsens.fi\/?page_id=17"},"modified":"2026-01-02T13:59:56","modified_gmt":"2026-01-02T11:59:56","slug":"leppalahti","status":"publish","type":"page","link":"https:\/\/jsens.fi\/?page_id=17","title":{"rendered":"Lepp\u00e4lahti"},"content":{"rendered":"\n<p><\/p>\n\n\n\n<p>HUOM ! P\u00e4ivitys 2.1.2026<\/p>\n\n\n\n<p>Lepp\u00e4lahden ajopaikka on nyt avattu, syksyn kunnostusten j\u00e4lkeen.<\/p>\n\n\n\n<p><\/p>\n\n\n\n<p>K\u00e4\u00e4ntyminen Kuopiontie 671, 41450 Jyv\u00e4skyl\u00e4 osoitteen kohdalta.<\/p>\n\n\n\n<p>Ajosuunta on merkitty nuolella.<\/p>\n\n\n\n<p>Suuntaa voi vaihtaa, mutta muista my\u00f6s merkkaus silloin.<\/p>\n\n\n\n<p>Reitti on auki&nbsp;<strong>vain&nbsp;<\/strong>JSENS:n j\u00e4senille seuraavasti:<\/p>\n\n\n\n<ul class=\"wp-block-list\">\n<li>Arkena 10.00-20.00.<\/li>\n\n\n\n<li>Viikonloppuna 10.00-18.00.<\/li>\n<\/ul>\n\n\n\n<p>S\u00e4\u00e4nn\u00f6t<\/p>\n\n\n\n<ul class=\"wp-block-list\">\n<li>Aja ensimm\u00e4inen kierros hiljempaa, l\u00e4mmitellen ja reittiin tutustuen.<\/li>\n\n\n\n<li>\u00c4\u00e4net on pidett\u00e4v\u00e4 kurissa, joten ajaminen on sallittua ainoastaan moottoripy\u00f6r\u00e4ll\u00e4, joka l\u00e4p\u00e4isisi endurokilpailukatsastuksen (&lt; 113 db t\u00e4ysikaasulla).<\/li>\n\n\n\n<li>Pys\u00e4k\u00f6i autosi parkkialueelle niin, ett\u00e4 muut p\u00e4\u00e4sev\u00e4t my\u00f6s alueelle ja sielt\u00e4 pois.<\/li>\n\n\n\n<li>Seurataan miten reitti kuluu, niin tehd\u00e4\u00e4n merkkauksia ja kunnostusta sen mukaan.<\/li>\n\n\n\n<li>Kivi\u00e4 ja keppej\u00e4 saa k\u00e4yd\u00e4 heittelem\u00e4ss\u00e4 reitilt\u00e4 pois. My\u00f6s siltoja tulee seurata, ett\u00e4 ne ovat kunnossa.<\/li>\n\n\n\n<li>Vie roskat pois.<\/li>\n<\/ul>\n\n\n\n<p>Vastuuhenkil\u00f6: Timo Soanj\u00e4rvi (0400873176)<\/p>\n","protected":false},"excerpt":{"rendered":"<p>HUOM ! P\u00e4ivitys 2.1.2026 Lepp\u00e4lahden ajopaikka on nyt avattu, syksyn kunnostusten j\u00e4lkeen. K\u00e4\u00e4ntyminen Kuopiontie 671, [&hellip;]<\/p>\n","protected":false},"author":4,"featured_media":0,"parent":0,"menu_order":0,"comment_status":"closed","ping_status":"closed","template":"","meta":{"footnotes":""},"class_list":["post-17","page","type-page","status-publish","hentry"],"_links":{"self":[{"href":"https:\/\/jsens.fi\/index.php?rest_route=\/wp\/v2\/pages\/17","targetHints":{"allow":["GET"]}}],"collection":[{"href":"https:\/\/jsens.fi\/index.php?rest_route=\/wp\/v2\/pages"}],"about":[{"href":"https:\/\/jsens.fi\/index.php?rest_route=\/wp\/v2\/types\/page"}],"author":[{"embeddable":true,"href":"https:\/\/jsens.fi\/index.php?rest_route=\/wp\/v2\/users\/4"}],"replies":[{"embeddable":true,"href":"https:\/\/jsens.fi\/index.php?rest_route=%2Fwp%2Fv2%2Fcomments&post=17"}],"version-history":[{"count":9,"href":"https:\/\/jsens.fi\/index.php?rest_route=\/wp\/v2\/pages\/17\/revisions"}],"predecessor-version":[{"id":1403,"href":"https:\/\/jsens.fi\/index.php?rest_route=\/wp\/v2\/pages\/17\/revisions\/1403"}],"wp:attachment":[{"href":"https:\/\/jsens.fi\/index.php?rest_route=%2Fwp%2Fv2%2Fmedia&parent=17"}],"curies":[{"name":"wp","href":"https:\/\/api.w.org\/{rel}","templated":true}]}}