{"id":2,"date":"2022-05-30T20:17:05","date_gmt":"2022-05-30T18:17:05","guid":{"rendered":"http:\/\/jsens.fi\/?page_id=2"},"modified":"2026-01-09T02:05:04","modified_gmt":"2026-01-09T00:05:04","slug":"sample-page","status":"publish","type":"page","link":"https:\/\/jsens.fi\/","title":{"rendered":"Jyv\u00e4sseudun Enduroseura ry"},"content":{"rendered":"\n<h2 class=\"wp-block-heading\">Vuonna 2013 perustettu enduro-moottoripy\u00f6r\u00e4ily harrastus- ja kilpailutoimintaa tukeva yhdistys.<\/h2>\n\n\n\n<p>J\u00e4senist\u00f6mme koostuu kaikenik\u00e4isist\u00e4 enduroharrastajista. Tavoitteemme on tehd\u00e4 lajiamme tunnetuksi ja lis\u00e4t\u00e4 alueemme harrastajien m\u00e4\u00e4r\u00e4\u00e4. Seuramme on voittoa tavoittelematon yhdistys jonka j\u00e4seneksi voi liitty\u00e4 kuka vain moottoriurheilun yst\u00e4v\u00e4.<\/p>\n\n\n\n<p>Yhdistyksen tarkoituksena on tukea moottoripy\u00f6r\u00e4enduron harrastamista sek\u00e4 kilpailutoimintaa ja kehitt\u00e4\u00e4 harrastusmahdollisuuksia yhteistoiminnassa muiden moottoripy\u00f6r\u00e4seurojen kanssa.<\/p>\n\n\n\n<p>Tarkoituksensa toteuttamiseksi seura:<\/p>\n\n\n\n<ul class=\"wp-block-list\">\n<li>Hankkii, yll\u00e4pit\u00e4\u00e4 ja kehitt\u00e4\u00e4 enduromoottoripy\u00f6r\u00e4ilyyn soveltuvia harrastuspaikkoja<\/li>\n\n\n\n<li>J\u00e4rjest\u00e4\u00e4 koulutusta sek\u00e4 harrastajille ett\u00e4 lajin parissa toimiville<\/li>\n\n\n\n<li>Osallistuu moottoriurheilutapahtumiin<\/li>\n\n\n\n<li>J\u00e4rjest\u00e4\u00e4 erilaisia moottoriurheilutapahtumia<\/li>\n\n\n\n<li>Harjoittaa tarkoitusperiens\u00e4 mukaista nuorisotoimintaa<\/li>\n<\/ul>\n\n\n\n<p>&nbsp;Seuran&nbsp;<a href=\"https:\/\/jsens.fi\/wp-content\/uploads\/2022\/09\/JSENS-saannot.pdf\" data-type=\"URL\" data-id=\"https:\/\/jsens.fi\/wp-content\/uploads\/2022\/09\/JSENS-saannot.pdf\" target=\"_blank\" rel=\"noreferrer noopener\">s\u00e4\u00e4nn\u00f6t<\/a><\/p>\n\n\n\n<p>J\u00e4senhakemuksen voit t\u00e4ytt\u00e4\u00e4&nbsp;<a href=\"https:\/\/jsens.fi\/?page_id=62\" target=\"_blank\" rel=\"noreferrer noopener\">t\u00e4\u00e4ll\u00e4<\/a>.<\/p>\n","protected":false},"excerpt":{"rendered":"<p>Vuonna 2013 perustettu enduro-moottoripy\u00f6r\u00e4ily harrastus- ja kilpailutoimintaa tukeva yhdistys. J\u00e4senist\u00f6mme koostuu kaikenik\u00e4isist\u00e4 enduroharrastajista. Tavoitteemme on [&hellip;]<\/p>\n","protected":false},"author":3,"featured_media":0,"parent":0,"menu_order":0,"comment_status":"closed","ping_status":"closed","template":"","meta":{"footnotes":""},"class_list":["post-2","page","type-page","status-publish","hentry"],"_links":{"self":[{"href":"https:\/\/jsens.fi\/index.php?rest_route=\/wp\/v2\/pages\/2","targetHints":{"allow":["GET"]}}],"collection":[{"href":"https:\/\/jsens.fi\/index.php?rest_route=\/wp\/v2\/pages"}],"about":[{"href":"https:\/\/jsens.fi\/index.php?rest_route=\/wp\/v2\/types\/page"}],"author":[{"embeddable":true,"href":"https:\/\/jsens.fi\/index.php?rest_route=\/wp\/v2\/users\/3"}],"replies":[{"embeddable":true,"href":"https:\/\/jsens.fi\/index.php?rest_route=%2Fwp%2Fv2%2Fcomments&post=2"}],"version-history":[{"count":9,"href":"https:\/\/jsens.fi\/index.php?rest_route=\/wp\/v2\/pages\/2\/revisions"}],"predecessor-version":[{"id":1407,"href":"https:\/\/jsens.fi\/index.php?rest_route=\/wp\/v2\/pages\/2\/revisions\/1407"}],"wp:attachment":[{"href":"https:\/\/jsens.fi\/index.php?rest_route=%2Fwp%2Fv2%2Fmedia&parent=2"}],"curies":[{"name":"wp","href":"https:\/\/api.w.org\/{rel}","templated":true}]}}