{"id":62,"date":"2022-06-01T09:46:18","date_gmt":"2022-06-01T07:46:18","guid":{"rendered":"http:\/\/jsens.fi\/?page_id=62"},"modified":"2024-06-24T19:59:12","modified_gmt":"2024-06-24T17:59:12","slug":"yhteystiedot","status":"publish","type":"page","link":"https:\/\/jsens.fi\/?page_id=62","title":{"rendered":"Yhteystiedot"},"content":{"rendered":"\n<p><strong>Jyv\u00e4sseudun Enduroseura ry<\/strong><\/p>\n\n\n\n<p>Yhdistysrekisterinumero: 211.166<\/p>\n\n\n\n<p>Y-tunnus: 3003294-3<\/p>\n\n\n\n<p><strong>&nbsp;<\/strong><\/p>\n\n\n\n<p>S\u00e4hk\u00f6posti: puheenjohtaja(\u00e4t)jsens.fi<\/p>\n\n\n\n<p>Postiosoite: Latvatie 22, 40320 JYV\u00c4SKYL\u00c4<br><\/p>\n\n\n\n<h2 class=\"wp-block-heading\">J\u00e4senrekisteri:<\/h2>\n\n\n\n<p><a rel=\"noreferrer noopener\" href=\"https:\/\/motti.moottoriliitto.fi\" target=\"_blank\">Moottoriliiton Motti-palvelu<\/a><\/p>\n\n\n\n<h2 class=\"wp-block-heading\"><br>Hallitus 2023-2024:<\/h2>\n\n\n\n<p>Toni Torpakko, Puheenjohtaja<\/p>\n\n\n\n<p>Tero Valkonen, varapj, koulutukset<\/p>\n\n\n\n<p>Juha Mutanen, rahastonhoitaja, sarjaendurot<\/p>\n\n\n\n<p>Mika Penttinen, ajopaikat<\/p>\n\n\n\n<p>Toni Tiainen, varaj\u00e4sen<\/p>\n\n\n\n<p>Anne-Mari Lunkka, varaj\u00e4sen<\/p>\n\n\n\n<h3 class=\"wp-block-heading\">Muut yhteyshenkil\u00f6t:<\/h3>\n\n\n\n<h4 class=\"wp-block-heading\">Ajopaikat:<\/h4>\n\n\n\n<p>Perttu Aitto-Oja, <a href=\"https:\/\/jsens.fi\/?page_id=20\" data-type=\"page\" data-id=\"20\">H\u00e4rk\u00f6vuori<\/a><\/p>\n\n\n\n<p>Timo Soanj\u00e4rvi, <a href=\"https:\/\/jsens.fi\/?page_id=17\" data-type=\"page\" data-id=\"17\">Lepp\u00e4lahti<\/a><\/p>\n\n\n\n<p>Ari Hanhinen, <a href=\"https:\/\/jsens.fi\/?page_id=23\" data-type=\"page\" data-id=\"23\">Humalam\u00e4ki<\/a><\/p>\n\n\n\n<p><\/p>\n\n\n\n<h3 class=\"wp-block-heading\">Lomakkeet:<\/h3>\n\n\n\n<p>T\u00e4yt\u00e4 lomake huolellisesti ja l\u00e4het\u00e4 puheenjohtajalle s\u00e4hk\u00f6postilla mielell\u00e4\u00e4n pdf-muodossa.<\/p>\n\n\n\n<p><a href=\"https:\/\/www.dropbox.com\/scl\/fi\/1mytg2he3hl403u7mga6j\/Kulukorvauslomake_ajanotto.xlsx?rlkey=0sjhv4tymys9l3zwyy33tltj6&amp;dl=0\">Kululomake ajanotto<\/a><\/p>\n\n\n\n<p><a href=\"https:\/\/www.dropbox.com\/scl\/fi\/t9puscy5twhpd14bcu5o2\/Kulukorvauslomake_kilometrikorvaus.xlsx?rlkey=kfk1ujsjsmrvzyghaxoki9e5z&amp;dl=0\">Kululomake kilometrit<\/a><\/p>\n\n\n\n<p><a href=\"https:\/\/www.dropbox.com\/scl\/fi\/6tjndxg1qjn0baa3pocyy\/Kulukorvauslomake_kilometrikorvaus_ostot.xlsx?rlkey=3bsz0gz3fjwrynpzlqm34ude2&amp;dl=0\">Kululomake kilometrit ja ostot<\/a><\/p>\n\n\n\n<p><a href=\"https:\/\/www.dropbox.com\/scl\/fi\/ghiljmpabdqul9031226f\/Kulukorvauslomake_ostot.xlsx?rlkey=i0g31zhdmmswh3bu6tafh42he&amp;dl=0\">Kululomake ostot<\/a><\/p>\n\n\n\n<p><\/p>\n\n\n\n<p><\/p>\n\n\n\n<h2 class=\"wp-block-heading\">Maksutavat<\/h2>\n\n\n\n<p><a rel=\"noreferrer noopener\" href=\"https:\/\/services.epassi.fi\/ui\/merchant-search?searchParams=jyv%C3%A4sseudun&amp;siteType=SPORT\" target=\"_blank\">ePassi<\/a><\/p>\n\n\n\n<h2 class=\"wp-block-heading\"><br>Linkkej\u00e4:<\/h2>\n\n\n\n<p><a href=\"http:\/\/www.fin-enduro.com\/kilpailut.php\">Kalkku ry<\/a>&nbsp;: Kilpailujen tiedot ja tulokset<\/p>\n\n\n\n<p><a href=\"http:\/\/www.moottoriliitto.fi\/lajit\/enduro\/en-lajiryhma-ja-tiedotteet\/\">SML Enduron lajiryhm\u00e4n sivut<\/a>: S\u00e4\u00e4nt\u00f6j\u00e4 ja tiedotteet<\/p>\n\n\n\n<p><a href=\"http:\/\/www.xracing.fi\/\">X-racing<\/a>: Moottoripy\u00f6r\u00e4urheilusivusto<\/p>\n\n\n\n<p>Seuran&nbsp;<a href=\"https:\/\/www.facebook.com\/groups\/1411630999053454\/\">Facebook<\/a>&nbsp;sivut<\/p>\n\n\n\n<p><a href=\"http:\/\/kotisivukone.jsens.fi\" target=\"_blank\" rel=\"noreferrer noopener\">Vanhat sivut<\/a><\/p>\n\n\n\n<p><br><\/p>\n\n\n\n<h2 class=\"wp-block-heading\">Someosasto<\/h2>\n\n\n\n<p>Facebook: <a rel=\"noreferrer noopener\" href=\"https:\/\/www.facebook.com\/groups\/1411630999053454\/\" target=\"_blank\">https:\/\/www.facebook.com\/groups\/1411630999053454\/<\/a><br>Youtube: <a rel=\"noreferrer noopener\" href=\"https:\/\/www.youtube.com\/channel\/UCHohgEEH6PTuBVlIC5Qanuw\" target=\"_blank\">https:\/\/www.youtube.com\/channel\/UCHohgEEH6PTuBVlIC5Qanuw<\/a><br>Discord: <a rel=\"noreferrer noopener\" href=\"https:\/\/discord.gg\/WJmArkeBW2\" target=\"_blank\">https:\/\/discord.gg\/WJmArkeBW2<\/a><br><br>Ajokaveri Whatsapp-ryhm\u00e4:<br><img loading=\"lazy\" decoding=\"async\" width=\"150\" height=\"267\" class=\"wp-image-215\" style=\"width: 150px;\" src=\"https:\/\/jsens.fi\/wp-content\/uploads\/2023\/01\/Ajokaveri.png\" alt=\"\" srcset=\"https:\/\/jsens.fi\/wp-content\/uploads\/2023\/01\/Ajokaveri.png 1260w, https:\/\/jsens.fi\/wp-content\/uploads\/2023\/01\/Ajokaveri-169x300.png 169w, https:\/\/jsens.fi\/wp-content\/uploads\/2023\/01\/Ajokaveri-576x1024.png 576w, https:\/\/jsens.fi\/wp-content\/uploads\/2023\/01\/Ajokaveri-768x1365.png 768w, https:\/\/jsens.fi\/wp-content\/uploads\/2023\/01\/Ajokaveri-864x1536.png 864w, https:\/\/jsens.fi\/wp-content\/uploads\/2023\/01\/Ajokaveri-1152x2048.png 1152w\" sizes=\"auto, (max-width: 150px) 100vw, 150px\" \/><\/p>\n","protected":false},"excerpt":{"rendered":"<p>Jyv\u00e4sseudun Enduroseura ry Yhdistysrekisterinumero: 211.166 Y-tunnus: 3003294-3 &nbsp; S\u00e4hk\u00f6posti: puheenjohtaja(\u00e4t)jsens.fi Postiosoite: Latvatie 22, 40320 JYV\u00c4SKYL\u00c4 [&hellip;]<\/p>\n","protected":false},"author":3,"featured_media":0,"parent":0,"menu_order":0,"comment_status":"closed","ping_status":"closed","template":"","meta":{"footnotes":""},"class_list":["post-62","page","type-page","status-publish","hentry"],"_links":{"self":[{"href":"https:\/\/jsens.fi\/index.php?rest_route=\/wp\/v2\/pages\/62","targetHints":{"allow":["GET"]}}],"collection":[{"href":"https:\/\/jsens.fi\/index.php?rest_route=\/wp\/v2\/pages"}],"about":[{"href":"https:\/\/jsens.fi\/index.php?rest_route=\/wp\/v2\/types\/page"}],"author":[{"embeddable":true,"href":"https:\/\/jsens.fi\/index.php?rest_route=\/wp\/v2\/users\/3"}],"replies":[{"embeddable":true,"href":"https:\/\/jsens.fi\/index.php?rest_route=%2Fwp%2Fv2%2Fcomments&post=62"}],"version-history":[{"count":34,"href":"https:\/\/jsens.fi\/index.php?rest_route=\/wp\/v2\/pages\/62\/revisions"}],"predecessor-version":[{"id":1111,"href":"https:\/\/jsens.fi\/index.php?rest_route=\/wp\/v2\/pages\/62\/revisions\/1111"}],"wp:attachment":[{"href":"https:\/\/jsens.fi\/index.php?rest_route=%2Fwp%2Fv2%2Fmedia&parent=62"}],"curies":[{"name":"wp","href":"https:\/\/api.w.org\/{rel}","templated":true}]}}