{"id":794,"date":"2023-10-24T19:24:33","date_gmt":"2023-10-24T17:24:33","guid":{"rendered":"https:\/\/jsens.fi\/?page_id=794"},"modified":"2023-10-24T19:24:34","modified_gmt":"2023-10-24T17:24:34","slug":"2016-bike-forum-talvisarja","status":"publish","type":"page","link":"https:\/\/jsens.fi\/?page_id=794","title":{"rendered":"2016 Bike Forum &#8211; talvisarja\u00a0"},"content":{"rendered":"\n<p>Jokaisessa talvisarjan osakilpailussa arvotaan kilpailuun osallistuvan JSENS:n j\u00e4senten kesken yksi 50 \u20ac lahjakortti Bike Forumiin.<\/p>\n\n\n\n<ul class=\"wp-block-list\">\n<li>la. 9.1.2016 Saarij\u00e4rvi Kalmari.\n<ul class=\"wp-block-list\">\n<li><a href=\"https:\/\/jsens.fi\/data\/documents\/sarjaenduro_Kalmari_9_1_2016_tulokset.pdf\">Tulokset<\/a>&nbsp;, Arpa suosi t\u00e4ll\u00e4 kertaa Harri Nymannia<\/li>\n<\/ul>\n<\/li>\n\n\n\n<li>la. 16.1.2016 Puuppolan Lehesvuori\n<ul class=\"wp-block-list\">\n<li><a href=\"https:\/\/jsens.fi\/data\/documents\/sarjaenduro_Puuppola_16_1_2016.pdf\">Tulokset<\/a>,&nbsp; Arpa suosi t\u00e4ll\u00e4 kertaa Jani Lajusta<\/li>\n<\/ul>\n<\/li>\n\n\n\n<li>la 30.1.2016 Humalam\u00e4ki\n<ul class=\"wp-block-list\">\n<li><a href=\"https:\/\/jsens.fi\/data\/documents\/sarjaenduro_Humalamaki_30_01_2016.pdf\">Tulokset<\/a>, Arpa suosi t\u00e4ll\u00e4 kertaa Heino Hynnist\u00e4&nbsp;<\/li>\n<\/ul>\n<\/li>\n\n\n\n<li>ke. 3.2.2016 Vesanka (Siekkinen)\n<ul class=\"wp-block-list\">\n<li><a href=\"https:\/\/jsens.fi\/data\/documents\/vesanka_tulokset_2.pdf\">Tulokset<\/a>, Arpa suosi t\u00e4ll\u00e4 kertaa Timo Klemi\u00e4<\/li>\n<\/ul>\n<\/li>\n\n\n\n<li>6.2.2016 Marko Laaksosen pit\u00e4m\u00e4 spoorikoulutus (Humalam\u00e4ki)<\/li>\n\n\n\n<li>la. 12.3.2016 Taipale Pet\u00e4j\u00e4vesi, Arpa suosi t\u00e4ll\u00e4 kertaa Kimmo Jukaraista\n<ul class=\"wp-block-list\">\n<li><a href=\"https:\/\/jsens.fi\/data\/documents\/taipale_tulokset_12_3_2016.pdf\">Tulokset<\/a><\/li>\n<\/ul>\n<\/li>\n\n\n\n<li>ke 23.3.2016 Puuppola Lehesvuori II, Arpa suosi t\u00e4ll\u00e4 kertaa Daniel Rantalaa\n<ul class=\"wp-block-list\">\n<li><a href=\"https:\/\/jsens.fi\/data\/documents\/Lehesvuori_2_tulokset.pdf\">Tulokset<\/a><\/li>\n<\/ul>\n<\/li>\n<\/ul>\n\n\n\n<p>Kes\u00e4sarjat 2016<\/p>\n\n\n\n<ul class=\"wp-block-list\">\n<li>la. 7.5.2016 Rautalampi\n<ul class=\"wp-block-list\">\n<li><a href=\"https:\/\/jsens.fi\/data\/documents\/Rautalampi_7_5_2016.pdf\">Tulokset<\/a><\/li>\n<\/ul>\n<\/li>\n\n\n\n<li>Su 19.6.2016 Saarij\u00e4rvi Kalmari\n<ul class=\"wp-block-list\">\n<li><a href=\"https:\/\/jsens.fi\/data\/documents\/Kalmari_19_6_2016_tulokset.pdf\">Tulokset<\/a><\/li>\n<\/ul>\n<\/li>\n\n\n\n<li>la. 6.8.2016 Pet\u00e4j\u00e4vesi, Taipaleen kierros\n<ul class=\"wp-block-list\">\n<li><a href=\"https:\/\/jsens.fi\/data\/documents\/Taipaleen_tulokset_6.8.2016.pdf\">Tulokset<\/a><\/li>\n<\/ul>\n<\/li>\n\n\n\n<li>su. 21.8.2016 Vesanka\n<ul class=\"wp-block-list\">\n<li><a href=\"https:\/\/jsens.fi\/data\/documents\/Vesanka_21_8_2016_tulokset.pdf\">Tulokset<\/a><\/li>\n<\/ul>\n<\/li>\n\n\n\n<li>la. 24.9.2016 H\u00e4rk\u00f6vuori\n<ul class=\"wp-block-list\">\n<li><a href=\"https:\/\/jsens.fi\/data\/documents\/Harkovuori_tulokset_24_9_2016.pdf\">Tulokset<\/a><\/li>\n<\/ul>\n<\/li>\n<\/ul>\n\n\n\n<p>Vuoden 2016 sarjaenduroiden&nbsp;<a href=\"https:\/\/jsens.fi\/data\/documents\/Sarjaendurotulokset_2016.pdf\">yhteistulokset<\/a>&nbsp;(tuloksissa huomioitu vain JSENS:n j\u00e4senet)<\/p>\n","protected":false},"excerpt":{"rendered":"<p>Jokaisessa talvisarjan osakilpailussa arvotaan kilpailuun osallistuvan JSENS:n j\u00e4senten kesken yksi 50 \u20ac lahjakortti Bike Forumiin. [&hellip;]<\/p>\n","protected":false},"author":1,"featured_media":0,"parent":39,"menu_order":3,"comment_status":"closed","ping_status":"closed","template":"","meta":{"footnotes":""},"class_list":["post-794","page","type-page","status-publish","hentry"],"_links":{"self":[{"href":"https:\/\/jsens.fi\/index.php?rest_route=\/wp\/v2\/pages\/794","targetHints":{"allow":["GET"]}}],"collection":[{"href":"https:\/\/jsens.fi\/index.php?rest_route=\/wp\/v2\/pages"}],"about":[{"href":"https:\/\/jsens.fi\/index.php?rest_route=\/wp\/v2\/types\/page"}],"author":[{"embeddable":true,"href":"https:\/\/jsens.fi\/index.php?rest_route=\/wp\/v2\/users\/1"}],"replies":[{"embeddable":true,"href":"https:\/\/jsens.fi\/index.php?rest_route=%2Fwp%2Fv2%2Fcomments&post=794"}],"version-history":[{"count":1,"href":"https:\/\/jsens.fi\/index.php?rest_route=\/wp\/v2\/pages\/794\/revisions"}],"predecessor-version":[{"id":795,"href":"https:\/\/jsens.fi\/index.php?rest_route=\/wp\/v2\/pages\/794\/revisions\/795"}],"up":[{"embeddable":true,"href":"https:\/\/jsens.fi\/index.php?rest_route=\/wp\/v2\/pages\/39"}],"wp:attachment":[{"href":"https:\/\/jsens.fi\/index.php?rest_route=%2Fwp%2Fv2%2Fmedia&parent=794"}],"curies":[{"name":"wp","href":"https:\/\/api.w.org\/{rel}","templated":true}]}}