{"id":804,"date":"2023-10-24T19:31:57","date_gmt":"2023-10-24T17:31:57","guid":{"rendered":"https:\/\/jsens.fi\/?page_id=804"},"modified":"2023-10-24T19:31:58","modified_gmt":"2023-10-24T17:31:58","slug":"2019-harraste-endurot-kesa","status":"publish","type":"page","link":"https:\/\/jsens.fi\/?page_id=804","title":{"rendered":"2019 Harraste-endurot, kes\u00e4"},"content":{"rendered":"\n<ul class=\"wp-block-list\">\n<li>2.6.2019 KVR Kari Vehni\u00e4inen Racing Oy harraste-enduro Humalam\u00e4ki\n<ul class=\"wp-block-list\">\n<li><a href=\"https:\/\/jsens.fi\/data\/documents\/JSENS-2019-2.6.2019-Humalamaki.pdf\">Tulokset<\/a><\/li>\n\n\n\n<li>Arvonnassa voitti Sasu Salminen<\/li>\n<\/ul>\n<\/li>\n\n\n\n<li>29.6.2019 KVR Kari Vehni\u00e4inen Racing Oy harraste-enduro H\u00e4rk\u00f6vuori\n<ul class=\"wp-block-list\">\n<li><a href=\"https:\/\/jsens.fi\/data\/documents\/JSENS-2019-29.6.2019-Harkovuori.pdf\">Tulokset<\/a><\/li>\n\n\n\n<li>Arvonnassa voitti Oskari Hellman<\/li>\n<\/ul>\n<\/li>\n\n\n\n<li>28.8.2019 KVR Kari Vehni\u00e4inen Racing Oy harraste-enduro\u00a0Humalam\u00e4ki\n<ul class=\"wp-block-list\">\n<li><a href=\"https:\/\/jsens.fi\/data\/documents\/JSENS_28082019_Humalamaki.pdf\" target=\"_blank\" rel=\"noreferrer noopener\">Tulokset<\/a><\/li>\n\n\n\n<li>Arvonnassa voitti Janne Rahikainen<\/li>\n<\/ul>\n<\/li>\n\n\n\n<li>4.9.2019 KVR Kari Vehni\u00e4inen Racing Oy harraste-enduro H\u00e4rk\u00f6vuori\n<ul class=\"wp-block-list\">\n<li><a href=\"https:\/\/jsens.fi\/data\/documents\/JSENS-2019-Harraste-enduro-4.9.2019-Harkovuori.pdf\">Tulokset<\/a><\/li>\n\n\n\n<li>Arvonnassa voitti Harri Kirjavainen<\/li>\n<\/ul>\n<\/li>\n\n\n\n<li>15.9.2019 KVR Kari Vehni\u00e4inen Racing Oy harraste-enduro Pet\u00e4j\u00e4vesi\n<ul class=\"wp-block-list\">\n<li><a href=\"https:\/\/jsens.fi\/data\/documents\/JSENS-2019-Harraste-enduro-15.9.2019-Petajavesi.pdf\">Tulokset<\/a><\/li>\n\n\n\n<li>Arvonnassa voitti Oskari Hellman<\/li>\n<\/ul>\n<\/li>\n\n\n\n<li>12.10.2019 KVR Kari Vehni\u00e4inen Racing Oy harraste-enduro Rautalampi\n<ul class=\"wp-block-list\">\n<li><a href=\"https:\/\/jsens.fi\/data\/documents\/Rautalampi-12.10.2019.pdf\" target=\"_blank\" rel=\"noreferrer noopener\">Tulokset<\/a><\/li>\n\n\n\n<li>Arvonnassa voitti Ari Siikaranta<\/li>\n<\/ul>\n<\/li>\n<\/ul>\n","protected":false},"excerpt":{"rendered":"","protected":false},"author":1,"featured_media":0,"parent":39,"menu_order":8,"comment_status":"closed","ping_status":"closed","template":"","meta":{"footnotes":""},"class_list":["post-804","page","type-page","status-publish","hentry"],"_links":{"self":[{"href":"https:\/\/jsens.fi\/index.php?rest_route=\/wp\/v2\/pages\/804","targetHints":{"allow":["GET"]}}],"collection":[{"href":"https:\/\/jsens.fi\/index.php?rest_route=\/wp\/v2\/pages"}],"about":[{"href":"https:\/\/jsens.fi\/index.php?rest_route=\/wp\/v2\/types\/page"}],"author":[{"embeddable":true,"href":"https:\/\/jsens.fi\/index.php?rest_route=\/wp\/v2\/users\/1"}],"replies":[{"embeddable":true,"href":"https:\/\/jsens.fi\/index.php?rest_route=%2Fwp%2Fv2%2Fcomments&post=804"}],"version-history":[{"count":1,"href":"https:\/\/jsens.fi\/index.php?rest_route=\/wp\/v2\/pages\/804\/revisions"}],"predecessor-version":[{"id":805,"href":"https:\/\/jsens.fi\/index.php?rest_route=\/wp\/v2\/pages\/804\/revisions\/805"}],"up":[{"embeddable":true,"href":"https:\/\/jsens.fi\/index.php?rest_route=\/wp\/v2\/pages\/39"}],"wp:attachment":[{"href":"https:\/\/jsens.fi\/index.php?rest_route=%2Fwp%2Fv2%2Fmedia&parent=804"}],"curies":[{"name":"wp","href":"https:\/\/api.w.org\/{rel}","templated":true}]}}